{"id":193,"date":"2023-05-18T23:12:58","date_gmt":"2023-05-19T02:12:58","guid":{"rendered":"https:\/\/tedxnecochea.com\/?page_id=193"},"modified":"2023-06-10T09:12:56","modified_gmt":"2023-06-10T12:12:56","slug":"ted-tedx","status":"publish","type":"page","link":"https:\/\/tedxnecochea.com\/index.php\/ted-tedx\/","title":{"rendered":"TED-TEDX"},"content":{"rendered":"\t\t<div data-elementor-type=\"wp-page\" data-elementor-id=\"193\" class=\"elementor elementor-193\">\n\t\t\t\t\t\t<section class=\"elementor-section elementor-top-section elementor-element elementor-element-713bf54 elementor-section-full_width elementor-section-height-min-height elementor-section-height-default elementor-section-items-middle\" data-id=\"713bf54\" data-element_type=\"section\" data-settings=\"{&quot;background_background&quot;:&quot;classic&quot;}\">\n\t\t\t\t\t\t<div class=\"elementor-container elementor-column-gap-default\">\n\t\t\t\t\t<div class=\"elementor-column elementor-col-100 elementor-top-column elementor-element elementor-element-e61ef6c\" data-id=\"e61ef6c\" data-element_type=\"column\">\n\t\t\t<div class=\"elementor-widget-wrap\">\n\t\t\t\t\t\t\t<\/div>\n\t\t<\/div>\n\t\t\t\t\t<\/div>\n\t\t<\/section>\n\t\t\t\t<section class=\"elementor-section elementor-top-section elementor-element elementor-element-7fa70e5 elementor-section-boxed elementor-section-height-default elementor-section-height-default\" data-id=\"7fa70e5\" data-element_type=\"section\" data-settings=\"{&quot;background_background&quot;:&quot;classic&quot;}\">\n\t\t\t\t\t\t<div class=\"elementor-container elementor-column-gap-default\">\n\t\t\t\t\t<div class=\"elementor-column elementor-col-100 elementor-top-column elementor-element elementor-element-b3814f4\" data-id=\"b3814f4\" data-element_type=\"column\">\n\t\t\t<div class=\"elementor-widget-wrap elementor-element-populated\">\n\t\t\t\t\t\t<div class=\"elementor-element elementor-element-2295643 elementor-widget elementor-widget-text-editor\" data-id=\"2295643\" data-element_type=\"widget\" data-widget_type=\"text-editor.default\">\n\t\t\t\t<div class=\"elementor-widget-container\">\n\t\t\t<style>\/*! elementor - v3.23.0 - 05-08-2024 *\/\n.elementor-widget-text-editor.elementor-drop-cap-view-stacked .elementor-drop-cap{background-color:#69727d;color:#fff}.elementor-widget-text-editor.elementor-drop-cap-view-framed .elementor-drop-cap{color:#69727d;border:3px solid;background-color:transparent}.elementor-widget-text-editor:not(.elementor-drop-cap-view-default) .elementor-drop-cap{margin-top:8px}.elementor-widget-text-editor:not(.elementor-drop-cap-view-default) .elementor-drop-cap-letter{width:1em;height:1em}.elementor-widget-text-editor .elementor-drop-cap{float:left;text-align:center;line-height:1;font-size:50px}.elementor-widget-text-editor .elementor-drop-cap-letter{display:inline-block}<\/style>\t\t\t\t<h3><span style=\"color: #ff0000;\"><strong>\u00bfQu\u00e9 es TED?<\/strong><\/span><\/h3><p><span style=\"color: #ff0000;\">TED\u00a0<\/span>es un evento anual donde algunos de los pensadores y emprendedores m\u00e1s importantes del mundo comparten lo que m\u00e1s les apasiona.\u00a0<span style=\"color: #ff0000;\">TED\u00a0<\/span>significa tecnolog\u00eda, entretenimiento y dise\u00f1o, tres grandes \u00e1reas que est\u00e1n dando forma a nuestro futuro. Hoy el evento ya es multidisciplinario y opera bajo la consigna de mostrar ideas que \u201cvale la pena divulgar\u201d.<br \/><span style=\"color: #ff0000;\">TED\u00a0<\/span>se celebr\u00f3 por primera vez en Monterey, California, en 1984. Desde ese entonces se organizan conferencias todos los a\u00f1os, no solo en California sino que tambi\u00e9n algunas veces se han llevado a cabo en ciudades de India, Inglaterra y Canad\u00e1. Los eventos\u00a0<span style=\"color: #ff0000;\">TED\u00a0<\/span>re\u00fanen a personas cuyos pensamientos e ideas fascinan al mundo. El variado p\u00fablico \u2013ejecutivos, cient\u00edficos, creativos, fil\u00e1ntropos, emprendedores\u2013 es tan extraordinario como lo son los oradores que dan las conferencias. Se destacan por ejemplo: Bill Clinton, Bill Gates, Philippe Starck, Bono, Ken Robinson y otros tantos nombres importantes del mundo.<br \/>Adem\u00e1s de los eventos, los videos de cada una de las m\u00e1s de 1500 charlas est\u00e1n disponibles online en el sitio de\u00a0<span style=\"color: #ff0000;\">TED<\/span>, y han sido vistos m\u00e1s de 500 millones de veces.<\/p><h3><span style=\"color: #ff0000;\"><strong>\u00bfQu\u00e9 es TEDx?<\/strong><\/span><\/h3><p>La posibilidad de vivir una experiencia\u00a0<span style=\"color: #ff0000;\">TEDx\u00a0<\/span>lleg\u00f3 a Necochea.<br \/>En el esp\u00edritu de ideas que vale la pena difundir,\u00a0<span style=\"color: #ff0000;\">TEDx\u00a0<\/span>es un programa de eventos locales auto-organizados que unen a la gente para compartir una experiencia\u00a0<span style=\"color: #ff0000;\">TED<\/span>.<br \/>En un evento\u00a0<span style=\"color: #ff0000;\">TEDx<\/span>, los videos de\u00a0TEDTalks\u00a0y los oradores se combinan para generar discusiones profundas y conectar a la audiencia con los participantes. Estos eventos locales auto-organizados se denominan\u00a0<span style=\"color: #ff0000;\">TEDx<\/span>: la x denota que es un evento organizado de manera independiente.<br \/>Desde\u00a0<span style=\"color: #ff0000;\">TED\u00a0<\/span>se provee una gu\u00eda general, pero cada evento se auto-organiza siguiendo ciertas reglas y regulaciones. Ya son 8000 los eventos\u00a0<span style=\"color: #ff0000;\">TEDx\u00a0<\/span>realizados en 96 pa\u00edses.<br \/>Para mayor informaci\u00f3n visita el sitio de\u00a0<span style=\"color: #ff0000;\"><a style=\"color: #ff0000;\" href=\"https:\/\/www.ted.com\/\" target=\"_blank\" rel=\"noopener noreferrer\">TED<\/a><\/span><\/p>\t\t\t\t\t\t<\/div>\n\t\t\t\t<\/div>\n\t\t\t\t\t<\/div>\n\t\t<\/div>\n\t\t\t\t\t<\/div>\n\t\t<\/section>\n\t\t\t\t<\/div>\n\t\t","protected":false},"excerpt":{"rendered":"<p>\u00bfQu\u00e9 es TED? TED\u00a0es un evento anual donde algunos de los pensadores y emprendedores m\u00e1s importantes del mundo comparten lo que m\u00e1s les apasiona.\u00a0TED\u00a0significa tecnolog\u00eda, entretenimiento y dise\u00f1o, tres grandes \u00e1reas que est\u00e1n dando forma a nuestro futuro. Hoy el evento ya es multidisciplinario y opera bajo la consigna de mostrar ideas que \u201cvale la [&hellip;]<\/p>\n","protected":false},"author":1,"featured_media":0,"parent":0,"menu_order":0,"comment_status":"closed","ping_status":"closed","template":"elementor_canvas","meta":{"om_disable_all_campaigns":false,"_monsterinsights_skip_tracking":false,"_monsterinsights_sitenote_active":false,"_monsterinsights_sitenote_note":"","_monsterinsights_sitenote_category":0},"aioseo_notices":[],"_links":{"self":[{"href":"https:\/\/tedxnecochea.com\/index.php\/wp-json\/wp\/v2\/pages\/193"}],"collection":[{"href":"https:\/\/tedxnecochea.com\/index.php\/wp-json\/wp\/v2\/pages"}],"about":[{"href":"https:\/\/tedxnecochea.com\/index.php\/wp-json\/wp\/v2\/types\/page"}],"author":[{"embeddable":true,"href":"https:\/\/tedxnecochea.com\/index.php\/wp-json\/wp\/v2\/users\/1"}],"replies":[{"embeddable":true,"href":"https:\/\/tedxnecochea.com\/index.php\/wp-json\/wp\/v2\/comments?post=193"}],"version-history":[{"count":11,"href":"https:\/\/tedxnecochea.com\/index.php\/wp-json\/wp\/v2\/pages\/193\/revisions"}],"predecessor-version":[{"id":850,"href":"https:\/\/tedxnecochea.com\/index.php\/wp-json\/wp\/v2\/pages\/193\/revisions\/850"}],"wp:attachment":[{"href":"https:\/\/tedxnecochea.com\/index.php\/wp-json\/wp\/v2\/media?parent=193"}],"curies":[{"name":"wp","href":"https:\/\/api.w.org\/{rel}","templated":true}]}}